{"id":31,"date":"2013-03-22T14:19:51","date_gmt":"2013-03-22T14:19:51","guid":{"rendered":"http:\/\/lawyers-attorneys.vamtam.com\/?page_id=31"},"modified":"2026-01-09T14:30:45","modified_gmt":"2026-01-09T17:30:45","slug":"contato","status":"publish","type":"page","link":"https:\/\/moraisvaladares.com.br\/en\/contato\/","title":{"rendered":"Contact"},"content":{"rendered":"<div class=\"row\"><div class=\"wpv-grid grid-1-1  wpv-first-level first unextended\" style=\"padding-top:0px;padding-bottom:0px\" id=\"wpv-column-b4c26ccccde9509e0182f958db0a7fc7\" >\t\t<h2 class=\"text-divider-double\">\t\t\tNossos endere\u00e7os\t\t<\/h2>\t\t<div class=\"sep\"><\/div>\t<div class=\"row\"><div class=\"wpv-grid grid-1-1  first unextended animation-fade-in animated-active\" style=\"padding-top:0px;padding-bottom:0px\" id=\"wpv-column-69c1e03f46f74fd8d3ccb069bf21f981\" ><div class=\"push\" style='margin-bottom:-30px'><\/div>\n<p style=\"text-align: center!important;\"><span class=\"vamtam-font-style-2 accent-4\">Contact us by phone, email or using the form, and we'll get back to you shortly.<br \/>\nWe also have a branch in Brasilia<\/span><\/p>\n<p style=\"text-align: center!important;\"><div class=\"push\" style='height:30px'><\/div><\/div><\/div>\n<div class=\"row\"><div class=\"wpv-grid grid-1-3  first unextended animation-fade-in animated-active\" style=\"padding-top:0px;padding-bottom:0px\" id=\"wpv-column-b57310292faa83dec73fef7b4b61b036\" ><p style=\"text-align: center!important;\"><span class='icon shortcode theme  use-hover' style='font-size:32px !important;color:#CCA876;'>&#57547;<\/span>\n<p style=\"text-align: center!important;\">Avenida Ang\u00e9lica, 2530, conj. 52, Higien\u00f3polis,<br \/>\nS\u00e3o Paulo &#8211; SP, CEP 01228-200<br \/>\n<a href=\"https:\/\/goo.gl\/maps\/Mx8N6RBYBgsqtRZp8\" target=\"_blank\" rel=\"noopener noreferrer\">Map \u2192<\/a><\/p>\n<p style=\"text-align: center!important;\">SHIN Qi 13, Conjunto 03, Casa 01 &#8211; Lago Norte,<br \/>\nBrasilia\/DF, CEP 71.535-030<br \/>\n<a href=\"https:\/\/goo.gl\/maps\/TKp25joVvdUMi3Y37\" target=\"_blank\" rel=\"noopener noreferrer\">Map \u2192<\/a><\/div>\n<div class=\"wpv-grid grid-1-3  unextended animation-fade-in animated-active\" style=\"padding-top:0px;padding-bottom:0px\" id=\"wpv-column-a8912cbccc43f5aafb1f9f4a73e57a0e\" ><p style=\"text-align: center!important;\">\u00a0<span class='icon shortcode theme  use-hover' style='font-size:32px !important;color:#CCA876;'>&#57439;<\/span>\n<p style=\"text-align: center!important;\"><a href=\"mailto:contato@moraisvaladares.com.br\">contato@moraisvaladares.com.br<\/a><\/div>\n<div class=\"wpv-grid grid-1-3  unextended animation-fade-in animated-active\" style=\"padding-top:0px;padding-bottom:0px\" id=\"wpv-column-824e5444a11dbb1e86777cd88f9949cc\" ><p style=\"text-align: center!important;\"><span class='icon shortcode theme  use-hover' style='font-size:32px !important;color:#CCA876;'>&#57471;<\/span>\n<p style=\"text-align: center!important;\">Tel: +55 (11) 3237-4220<\/p>\n<p style=\"text-align: center!important;\">\n    <a href=\"https:\/\/api.whatsapp.com\/send\/?phone=5511937355620&#038;text=Ol%C3%A1%21+Visitei+o+site+do+escrit%C3%B3rio+Morais+Valadares+e+gostaria+de+mais+informa%C3%A7%C3%B5es+sobre+os+servi%C3%A7os+de+voc%C3%AAs.&#038;type=phone_number&#038;app_absent=0\" target=\"_blank\" style=\"color:\"accent4\"; text-decoration: none;\"><br \/>\n         WhatsApp: (11) 93735-5620<br \/>\n    <\/a><\/div><\/div>\n<div class=\"push\" style='margin-bottom:-40px'><\/div>\n<div class=\"sep-3\"><\/div>\n<div class=\"row\"><div class=\"wpv-grid grid-1-1  first unextended animation-zoom-in animated-active\" style=\"padding-top:0px;padding-bottom:0px\" id=\"wpv-column-6e5404ac3e771cfff2536361d6791b00\" ><div class=\"push\" style='margin-bottom:-10px'><\/div>\n<p style=\"text-align: center!important;\"><a href=\"#\"> <span class='icon shortcode   use-hover' style='font-size:16px !important;color:#0a223e;'>&#58155;<\/span><\/a> \u00a0\u00a0\u00a0<a href=\"#\"><span class='icon shortcode   use-hover' style='font-size:16px !important;color:#0a223e;'>&#58159;<\/span><\/a> \u00a0\u00a0\u00a0<a href=\"#\"><span class='icon shortcode   use-hover' style='font-size:16px !important;color:#0a223e;'>&#58165;<\/span><\/a> <div class=\"push\" style='height:20px'><\/div><\/div><\/div><\/div><\/div>\n<div class=\"row\"><div class=\"wpv-grid grid-1-1  wpv-first-level first unextended\" style=\"padding-top:0px;padding-bottom:0px\" id=\"wpv-column-b9581691fce4bc4147b940c61dfe2ae1\" ><\/div><\/div>\n<div class=\"row\"><div class=\"wpv-grid grid-1-1  wpv-first-level first unextended\" style=\"padding-top:0px;padding-bottom:0px\" id=\"wpv-column-2d6106fe3b942c232ff9ee635709be44\" ><\/div><\/div>\n<div class=\"row\"><div class=\"wpv-grid grid-1-1  wpv-first-level first has-background extended\" style=\"background-color:#f5f5f5;padding-top:60px;padding-bottom:30px\" id=\"wpv-column-d51854502ef5a9732f6caf5bc1be0b4a\" ><div class=\"extended-column-inner\"><style>#wpv-column-d51854502ef5a9732f6caf5bc1be0b4a p,#wpv-column-d51854502ef5a9732f6caf5bc1be0b4a em,#wpv-column-d51854502ef5a9732f6caf5bc1be0b4a .column-title,#wpv-column-d51854502ef5a9732f6caf5bc1be0b4a .sep-text h2.regular-title-wrapper,#wpv-column-d51854502ef5a9732f6caf5bc1be0b4a .text-divider-double,#wpv-column-d51854502ef5a9732f6caf5bc1be0b4a .sep-text .sep-text-line,#wpv-column-d51854502ef5a9732f6caf5bc1be0b4a .sep,#wpv-column-d51854502ef5a9732f6caf5bc1be0b4a .sep-2,#wpv-column-d51854502ef5a9732f6caf5bc1be0b4a .sep-3,#wpv-column-d51854502ef5a9732f6caf5bc1be0b4a td,#wpv-column-d51854502ef5a9732f6caf5bc1be0b4a th,#wpv-column-d51854502ef5a9732f6caf5bc1be0b4a caption{color:#767676;}#wpv-column-d51854502ef5a9732f6caf5bc1be0b4a:before{background-color:transparent;}<\/style><div class=\"row\"><div class=\"wpv-grid grid-1-1  first unextended animation-from-bottom animated-active\" style=\"padding-top:0px;padding-bottom:0px\" id=\"wpv-column-d299531f4a6070aa93f69b3b7b9e3c48\" ><p>\n<div class=\"wpcf7 no-js\" id=\"wpcf7-f9392-o1\" lang=\"en-US\" dir=\"ltr\" data-wpcf7-id=\"9392\">\n<div class=\"screen-reader-response\"><p role=\"status\" aria-live=\"polite\" aria-atomic=\"true\"><\/p> <ul><\/ul><\/div>\n<form action=\"\/en\/wp-json\/wp\/v2\/pages\/31#wpcf7-f9392-o1\" method=\"post\" class=\"wpcf7-form init\" aria-label=\"Contact form\" novalidate=\"novalidate\" data-status=\"init\" data-trp-original-action=\"\/en\/wp-json\/wp\/v2\/pages\/31#wpcf7-f9392-o1\">\n<fieldset class=\"hidden-fields-container\"><input type=\"hidden\" name=\"_wpcf7\" value=\"9392\" \/><input type=\"hidden\" name=\"_wpcf7_version\" value=\"6.1\" \/><input type=\"hidden\" name=\"_wpcf7_locale\" value=\"en_US\" \/><input type=\"hidden\" name=\"_wpcf7_unit_tag\" value=\"wpcf7-f9392-o1\" \/><input type=\"hidden\" name=\"_wpcf7_container_post\" value=\"0\" \/><input type=\"hidden\" name=\"_wpcf7_posted_data_hash\" value=\"\" \/>\n<\/fieldset>\n<div class=\"vamtam-rsvp-form\">\n\t<div class=\"row\">\n\t\t<div class=\"grid-1-2\">\n\t\t\t<p><span class=\"wpcf7-form-control-wrap\" data-name=\"your-name\"><input size=\"40\" maxlength=\"400\" class=\"wpcf7-form-control wpcf7-text wpcf7-validates-as-required\" id=\"your-name\" aria-required=\"true\" aria-invalid=\"false\" placeholder=\"Name*\" value=\"\" type=\"text\" name=\"your-name\" \/><\/span>\n\t\t\t<\/p>\n\t\t<\/div>\n\t\t<div class=\"grid-1-2\">\n\t\t\t<p><span class=\"wpcf7-form-control-wrap\" data-name=\"email\"><input size=\"40\" maxlength=\"400\" class=\"wpcf7-form-control wpcf7-email wpcf7-validates-as-required wpcf7-text wpcf7-validates-as-email\" aria-required=\"true\" aria-invalid=\"false\" placeholder=\"E-mail*\" value=\"\" type=\"email\" name=\"email\" \/><\/span>\n\t\t\t<\/p>\n\t\t<\/div>\n\t\t<div class=\"grid-1-2\">\n\t\t\t<p><span class=\"wpcf7-form-control-wrap\" data-name=\"Phone\"><input size=\"40\" maxlength=\"400\" class=\"wpcf7-form-control wpcf7-text wpcf7-validates-as-required\" id=\"Phone\" aria-required=\"true\" aria-invalid=\"false\" placeholder=\"Phone*\" value=\"\" type=\"text\" name=\"Phone\" \/><\/span>\n\t\t\t<\/p>\n\t\t<\/div>\n\t\t<div class=\"grid-1-2\">\n\t\t\t<p><span class=\"wpcf7-form-control-wrap\" data-name=\"dropdown\"><select class=\"wpcf7-form-control wpcf7-select wpv-chosen-select\" id=\"events-dropdown\" aria-invalid=\"false\" name=\"dropdown\"><option value=\"---Selecione um assunto---\">---Select a subject---<\/option><option value=\"Fam\u00edlia e Sucess\u00e3o\">Family and Succession<\/option><option value=\"Direito Imobili\u00e1rio\">Real Estate<\/option><option value=\"Indeniza\u00e7\u00f5es\">Compensation<\/option><option value=\"Direito Empresarial\">Business<\/option><option value=\"Recupera\u00e7\u00e3o de Cr\u00e9dito\">Debt &amp; Asset Recovery<\/option><option value=\"Direito Tribut\u00e1rio\">Tax<\/option><option value=\"Direito do Trabalho\">Labor<\/option><option value=\"Direito Previdenci\u00e1rio\">Social Security<\/option><\/select><\/span>\n\t\t\t<\/p>\n\t\t<\/div>\n\t\t<div class=\"grid-1-1\">\n\t\t\t<p><span class=\"wpcf7-form-control-wrap\" data-name=\"our-message\"><textarea cols=\"40\" rows=\"5\" maxlength=\"2000\" class=\"wpcf7-form-control wpcf7-textarea wpcf7-validates-as-required\" id=\"message\" aria-required=\"true\" aria-invalid=\"false\" placeholder=\"Describe your case...\" name=\"our-message\"><\/textarea><\/span>\n\t\t\t<\/p>\n\t\t<\/div>\n\t<\/div>\n\t<div style= \"text-align: center;\">\n\t\t<p><input class=\"wpcf7-form-control wpcf7-submit has-spinner\" type=\"submit\" value=\"SEND REQUEST \u2192\" \/>\n\t\t<\/p>\n\t<\/div>\n<\/div><div class=\"wpcf7-response-output\" aria-hidden=\"true\"><\/div>\n<input type=\"hidden\" name=\"trp-form-language\" value=\"en\"\/><\/form>\n<\/div>\n<\/div><\/div><\/div><\/div><\/div>","protected":false},"excerpt":{"rendered":"<p>Fale conosco atrav\u00e9s do telefone, email ou utilize o formul\u00e1rio, e em breve retornaremos seu contato. Contamos tamb\u00e9m com uma filial no em Brasilia Avenida Ang\u00e9lica, 2530, conj. 52, Higien\u00f3polis, S\u00e3o Paulo &#8211; SP, CEP 01228-200 Mapa \u2192 SHIN Qi 13, Conjunto 03, Casa 01 &#8211; Lago Norte, Brasilia\/DF, CEP 71.535-030 Mapa \u2192 \u00a0 contato@moraisvaladares.com.br&#8230;<\/p>","protected":false},"author":1,"featured_media":0,"parent":0,"menu_order":3,"comment_status":"closed","ping_status":"closed","template":"","meta":{"_joinchat":[],"footnotes":""},"class_list":["post-31","page","type-page","status-publish","hentry"],"_links":{"self":[{"href":"https:\/\/moraisvaladares.com.br\/en\/wp-json\/wp\/v2\/pages\/31","targetHints":{"allow":["GET"]}}],"collection":[{"href":"https:\/\/moraisvaladares.com.br\/en\/wp-json\/wp\/v2\/pages"}],"about":[{"href":"https:\/\/moraisvaladares.com.br\/en\/wp-json\/wp\/v2\/types\/page"}],"author":[{"embeddable":true,"href":"https:\/\/moraisvaladares.com.br\/en\/wp-json\/wp\/v2\/users\/1"}],"replies":[{"embeddable":true,"href":"https:\/\/moraisvaladares.com.br\/en\/wp-json\/wp\/v2\/comments?post=31"}],"version-history":[{"count":8,"href":"https:\/\/moraisvaladares.com.br\/en\/wp-json\/wp\/v2\/pages\/31\/revisions"}],"predecessor-version":[{"id":10797,"href":"https:\/\/moraisvaladares.com.br\/en\/wp-json\/wp\/v2\/pages\/31\/revisions\/10797"}],"wp:attachment":[{"href":"https:\/\/moraisvaladares.com.br\/en\/wp-json\/wp\/v2\/media?parent=31"}],"curies":[{"name":"wp","href":"https:\/\/api.w.org\/{rel}","templated":true}]}}