{"id":7778,"date":"2014-04-23T10:38:38","date_gmt":"2014-04-23T13:38:38","guid":{"rendered":"http:\/\/lawyers-attorneys.vamtam.com\/?page_id=7778"},"modified":"2025-08-06T16:19:41","modified_gmt":"2025-08-06T19:19:41","slug":"o-escritorio","status":"publish","type":"page","link":"https:\/\/moraisvaladares.com.br\/en\/o-escritorio\/","title":{"rendered":"The office"},"content":{"rendered":"<div class=\"row\"><div class=\"wpv-grid grid-1-1  wpv-first-level first unextended\" style=\"padding-top:0px;padding-bottom:0px\" id=\"about-content\" ><div class=\"row\"><div class=\"wpv-grid grid-1-1  first unextended\" style=\"padding-top:0px;padding-bottom:0px\" id=\"wpv-column-59f5ce4da2c5f343849a70626e55bba0\" ><div class=\"push\" style='height:66px'><\/div><img loading=\"lazy\" decoding=\"async\" class=\"aligncenter wp-image-10511\" src=\"https:\/\/moraisvaladares.com.br\/wp-content\/uploads\/2025\/07\/Design-sem-nome-4.png\" alt=\"\" width=\"216\" height=\"105\" \/><div class=\"push\" style='height:70px'><\/div><\/div><\/div>\n<div class=\"row\"><div class=\"wpv-grid grid-1-3  first unextended animation-from-bottom animated-active\" style=\"padding-top:0px;padding-bottom:0px\" id=\"wpv-column-e79e3238660449bd7648ff2fd646cfa0\" ><div class=\"clearfix dropcap-wrapper\"><div class=\"dropcap-left\"><span class='dropcap1'>I<\/span><\/div><div class=\"dropcap-text\">Office<\/div> <\/div> <div class=\"push\" style='height:20px'><\/div>\n<p style=\"text-align: justify;\">The Morais Valadares Law Firm has a multidisciplinary team, highly qualified in its areas of expertise, which seeks the best results and solutions, developing a relationship of loyalty, trust and commitment with our clients.<\/p>\n<p style=\"text-align: justify;\">Acting with transparency and ethics, our firm strives for modernity and technical perfection, with a focus on excellence in legal solutions, combined with strategy and maximum quality, acting in a preventive, advisory and contentious manner, in the administrative and judicial spheres.<\/p>\n<p style=\"text-align: justify;\">Our goal is to develop personalized work for each client, in order to support them in making the best legal decisions, always favoring the least burdensome and most effective solutions, with a view to resolving claims quickly.<\/div>\n<div class=\"wpv-grid grid-2-5  unextended animation-from-bottom animated-active\" style=\"padding-top:0px;padding-bottom:0px\" id=\"wpv-column-a744ac2fc9ae296c34ce8fa780dd0467\" ><div class=\"clearfix dropcap-wrapper\"><div class=\"dropcap-left\"><span class='dropcap1'>M<\/span><\/div><div class=\"dropcap-text\">Mission<\/div> <\/div> <div class=\"push\" style='height:20px'><\/div>\n<p style=\"text-align: justify;\">To provide legal services of excellence, establishing a relationship of trust and transparency with our clients. To deliver results that exceed expectations. To be among the leading full-service law firms in the domestic market, with unique characteristics and proposals, to become a benchmark for excellence in the provision of legal services, with the aim of being recognized as the best option by our clients.<\/p>\n<div class=\"sep\"><\/div>\n<div class=\"clearfix dropcap-wrapper\"><div class=\"dropcap-left\"><span class='dropcap1'>V<\/span><\/div><div class=\"dropcap-text\">Vision<\/div> <\/div> <div class=\"push\" style='height:20px'><\/div>\n<p style=\"text-align: justify;\">To develop and evolve, to be recognized as a distinguished firm. To overcome conflicts and opposition, redefining the concept of the legal professional. To contribute to the formation of a better justice system, consolidating and perfecting the process of civilization.<\/div>\n<div class=\"wpv-grid grid-1-4  unextended animation-from-bottom animated-active\" style=\"padding-top:0px;padding-bottom:0px\" id=\"wpv-column-c9e0858c616701d278c201062da90735\" ><div class=\"clearfix dropcap-wrapper\"><div class=\"dropcap-left\"><span class='dropcap1'>V<\/span><\/div><div class=\"dropcap-text\">Values<\/div> <\/div> <div class=\"push\" style='height:20px'><\/div>\n<p><span class=\"vamtam-font-style-2\">Honesty\u00a0<\/span><br \/>\n<span class=\"vamtam-font-style-2\">Loyalty\u00a0<\/span><br \/>\n<span class=\"vamtam-font-style-2\">Transparency\u00a0<\/span><br \/>\n<span class=\"vamtam-font-style-2\">Commitment\u00a0<\/span><br \/>\n<span class=\"vamtam-font-style-2\">Strategy\u00a0<\/span><br \/>\n<span class=\"vamtam-font-style-2\">Excellence <\/span><br \/>\n<span class=\"vamtam-font-style-2\">Innovation <\/span><\/div><\/div><\/div><\/div>\n<div class=\"row\"><div class=\"wpv-grid grid-1-1  wpv-first-level first unextended\" style=\"padding-top:0px;padding-bottom:0px\" id=\"wpv-column-6e25b12c92be2e97c095de8f0237049e\" ><p>&nbsp;<\/div><\/div>\n<div class=\"push\" style='height:30px'><\/div>\n<div class=\"sep\"><\/div>\n\t\t<h2 class=\"text-divider-double\">\t\t\t\nPractice areas\t\t<\/h2>\t\t<div class=\"sep\"><\/div>\t\n<div class=\"push\" style='margin-bottom:-32px'><\/div>\n<div class=\"row\"><div class=\"wpv-grid grid-1-1  wpv-first-level first has-background extended\" style=\"background-color:#1f3f5f;padding-top:0px;padding-bottom:0px\" id=\"wpv-column-db855fae466cb026893f5e4db25c684e\" ><div class=\"extended-column-inner\"><style>#wpv-column-db855fae466cb026893f5e4db25c684e p,#wpv-column-db855fae466cb026893f5e4db25c684e em,#wpv-column-db855fae466cb026893f5e4db25c684e .column-title,#wpv-column-db855fae466cb026893f5e4db25c684e .sep-text h2.regular-title-wrapper,#wpv-column-db855fae466cb026893f5e4db25c684e .text-divider-double,#wpv-column-db855fae466cb026893f5e4db25c684e .sep-text .sep-text-line,#wpv-column-db855fae466cb026893f5e4db25c684e .sep,#wpv-column-db855fae466cb026893f5e4db25c684e .sep-2,#wpv-column-db855fae466cb026893f5e4db25c684e .sep-3,#wpv-column-db855fae466cb026893f5e4db25c684e td,#wpv-column-db855fae466cb026893f5e4db25c684e th,#wpv-column-db855fae466cb026893f5e4db25c684e caption{color:#9ebfdf;}#wpv-column-db855fae466cb026893f5e4db25c684e:before{background-color:transparent;}<\/style><div class=\"row\"><div class=\"wpv-grid grid-1-4  first unextended animation-from-bottom animated-active\" style=\"padding-top:0px;padding-bottom:0px\" id=\"wpv-column-4d1aedf4cfac28408bdbbd05807da72a\" >\n<div  data-href=\"https:\/\/snow-koala-834947.hostingersite.com\/familia\" tabindex=\"1\" data-target=\"_self\" class=\"linkarea clearfix accent3  background-accent2\">\n\t\t\t<div class=\"first\"><span class='icon shortcode custom  use-hover' style='font-size:46px !important;color:#ffffff;'>&#59667;<\/span><\/div>\n\t\t\t\t<div class=\"last\"><h3 style=\"text-align: center;\"><span class=\"accent-5\">Family<\/span><\/h3>\n<p style=\"text-align: center;\"><span style=\"color: #dbdbdb;\">We always favor the least burdensome and most effective solutions for our clients in family matters.<\/span><br \/><\/div>\n\t<\/div><\/div>\n<div class=\"wpv-grid grid-1-4  unextended animation-fade-in animated-active\" style=\"padding-top:0px;padding-bottom:0px\" id=\"wpv-column-d25747e30cc034b07556d32f6eda894f\" >\n<div  data-href=\"https:\/\/snow-koala-834947.hostingersite.com\/holding\" tabindex=\"1\" data-target=\"_self\" class=\"linkarea clearfix accent3  background-accent2\">\n\t\t\t<div class=\"first\"><span class='icon shortcode custom  use-hover' style='font-size:46px !important;color:#ffffff;'>&#59669;<\/span><\/div>\n\t\t\t\t<div class=\"last\"><h3 style=\"text-align: center;\"><span class=\"accent-5\">Holding<\/span><\/h3>\n<p style=\"text-align: center;\"><span style=\"color: #dbdbdb;\">Structuring and estate planning through family and business holdings.<\/span><br \/><\/div>\n\t<\/div><\/div>\n<div class=\"wpv-grid grid-1-4  unextended animation-from-bottom animated-active\" style=\"padding-top:0px;padding-bottom:0px\" id=\"wpv-column-e1570d1170d8ced98dea79020dd28b9a\" >\n<div  data-href=\"https:\/\/snow-koala-834947.hostingersite.com\/imobiliario\" tabindex=\"1\" data-target=\"_self\" class=\"linkarea clearfix accent3  background-accent2\">\n\t\t\t<div class=\"first\"><span class='icon shortcode custom  use-hover' style='font-size:46px !important;color:#ffffff;'>&#59674;<\/span><\/div>\n\t\t\t\t<div class=\"last\"><h3 style=\"text-align: center;\"><span class=\"accent-5\">Real Estate<\/span><\/h3>\n<p style=\"text-align: center;\"><span style=\"color: #dbdbdb;\">We assist our clients in the various areas of the real estate sector, analyzing the opportunities and risks involved in transactions.<\/span><br \/><\/div>\n\t<\/div><\/div>\n<div class=\"wpv-grid grid-1-4  unextended animation-fade-in animated-active\" style=\"padding-top:0px;padding-bottom:0px\" id=\"wpv-column-52f2943eb491efee51f4c527b077983e\" >\n<div  data-href=\"https:\/\/snow-koala-834947.hostingersite.com\/empresarial\" tabindex=\"1\" data-target=\"_self\" class=\"linkarea clearfix accent3  background-accent2\">\n\t\t\t<div class=\"first\"><span class='icon shortcode custom  use-hover' style='font-size:46px !important;color:#ffffff;'>&#59677;<\/span><\/div>\n\t\t\t\t<div class=\"last\"><h3 style=\"text-align: center;\"><span class=\"accent-5\">Business<\/span><\/h3>\n<p style=\"text-align: center;\"><span style=\"color: #dbdbdb;\">Advising Brazilian and foreign businesspeople on structuring commercial transactions in Brazil.<\/span><br \/><\/div>\n\t<\/div><\/div><\/div>\n<div class=\"row\"><div class=\"wpv-grid grid-1-4  first unextended animation-from-bottom animated-active\" style=\"padding-top:0px;padding-bottom:0px\" id=\"wpv-column-0d7f2f506182834052968e7cd45839fb\" >\n<div  data-href=\"https:\/\/snow-koala-834947.hostingersite.com\/cobranca\" tabindex=\"1\" data-target=\"_self\" class=\"linkarea clearfix accent3  background-accent2\">\n\t\t\t<div class=\"first\"><span class='icon shortcode custom  use-hover' style='font-size:46px !important;color:#ffffff;'>&#59662;<\/span><\/div>\n\t\t\t\t<div class=\"last\"><h3 style=\"text-align: center;\"><span class=\"accent-5\">Debt &amp; Asset Recovery<\/span><\/h3>\n<p style=\"text-align: center;\"><span style=\"color: #dbdbdb;\">Credit recovery through judicial and extrajudicial means, with a focus on effectiveness and speed.<\/span><br \/><\/div>\n\t<\/div><\/div>\n<div class=\"wpv-grid grid-1-4  unextended animation-fade-in animated-active\" style=\"padding-top:0px;padding-bottom:0px\" id=\"wpv-column-a4cb7e38ad0bbaa38a1ee0dd3c76f3ba\" >\n<div  data-href=\"https:\/\/snow-koala-834947.hostingersite.com\/contratos\" tabindex=\"1\" data-target=\"_self\" class=\"linkarea clearfix accent3  background-accent2\">\n\t\t\t<div class=\"first\"><span class='icon shortcode custom  use-hover' style='font-size:46px !important;color:#ffffff;'>&#59654;<\/span><\/div>\n\t\t\t\t<div class=\"last\"><h3 style=\"text-align: center;\"><span class=\"accent-5\">Contracts<\/span><\/h3>\n<p style=\"text-align: center;\"><span style=\"color: #dbdbdb;\">Drafting, reviewing and advising on commercial, civil and business contracts in a variety of sectors.<\/span><br \/><\/div>\n\t<\/div><\/div>\n<div class=\"wpv-grid grid-1-4  unextended animation-from-bottom animated-active\" style=\"padding-top:0px;padding-bottom:0px\" id=\"wpv-column-111fb789f1a95b6c0a39aefe5ae5c7fd\" >\n<div  data-href=\"https:\/\/snow-koala-834947.hostingersite.com\/direito-medico\" tabindex=\"1\" data-target=\"_self\" class=\"linkarea clearfix accent3  background-accent2\">\n\t\t\t<div class=\"first\"><span class='icon shortcode custom  use-hover' style='font-size:46px !important;color:#ffffff;'>&#59648;<\/span><\/div>\n\t\t\t\t<div class=\"last\"><h3 style=\"text-align: center;\"><span class=\"accent-5\">Medical Law<\/span><\/h3>\n<p style=\"text-align: center;\"><span style=\"color: #dbdbdb;\">Specialized legal advice for health professionals and issues related to medical liability.<\/span><br \/><\/div>\n\t<\/div><\/div>\n<div class=\"wpv-grid grid-1-4  unextended animation-fade-in animated-active\" style=\"padding-top:0px;padding-bottom:0px\" id=\"wpv-column-a53bc98efc959551d8171242b56f4a50\" >\n<div  data-href=\"https:\/\/snow-koala-834947.hostingersite.com\/indenizacao\" tabindex=\"1\" data-target=\"_self\" class=\"linkarea clearfix accent3  background-accent2\">\n\t\t\t<div class=\"first\"><span class='icon shortcode custom  use-hover' style='font-size:46px !important;color:#ffffff;'>&#59658;<\/span><\/div>\n\t\t\t\t<div class=\"last\"><h3 style=\"text-align: center;\"><span class=\"accent-5\">Compensation<\/span><\/h3>\n<p style=\"text-align: center;\"><span style=\"color: #dbdbdb;\">Filing administrative measures and lawsuits to compensate and punish illegal and harmful conduct.<\/span><br \/><\/div>\n\t<\/div><\/div><\/div>\n<div class=\"row\"><div class=\"wpv-grid grid-1-4  first unextended animation-from-bottom animated-active\" style=\"padding-top:0px;padding-bottom:0px\" id=\"wpv-column-7c14a9f673ae50ad15f4baf5e8b3ad89\" >\n<div  data-href=\"https:\/\/snow-koala-834947.hostingersite.com\/visto-americano\" tabindex=\"1\" data-target=\"_self\" class=\"linkarea clearfix accent3  background-accent2\">\n\t\t\t<div class=\"first\"><span class='icon shortcode custom  use-hover' style='font-size:46px !important;color:#ffffff;'>&#59661;<\/span><\/div>\n\t\t\t\t<div class=\"last\"><h3 style=\"text-align: center;\"><span class=\"accent-5\">American visa<\/span><\/h3>\n<p style=\"text-align: center;\"><span style=\"color: #dbdbdb;\">Specialized advice on obtaining American visas for various purposes and categories.<\/span><br \/><\/div>\n\t<\/div><\/div>\n<div class=\"wpv-grid grid-1-4  unextended animation-fade-in animated-active\" style=\"padding-top:0px;padding-bottom:0px\" id=\"wpv-column-15a0f2f0347a02dc4238d0ce189a1eec\" >\n<div  data-href=\"https:\/\/snow-koala-834947.hostingersite.com\/tributario\" tabindex=\"1\" data-target=\"_self\" class=\"linkarea clearfix accent3  background-accent2\">\n\t\t\t<div class=\"first\"><span class='icon shortcode custom  use-hover' style='font-size:46px !important;color:#ffffff;'>&#59655;<\/span><\/div>\n\t\t\t\t<div class=\"last\"><h3 style=\"text-align: center;\"><span class=\"accent-5\">Tax<\/span><\/h3>\n<p style=\"text-align: center;\"><span style=\"color: #dbdbdb;\">Tax planning, tax avoidance and defense in administrative and judicial tax proceedings.<\/span><br \/><\/div>\n\t<\/div><\/div>\n<div class=\"wpv-grid grid-1-4  unextended animation-from-bottom animated-active\" style=\"padding-top:0px;padding-bottom:0px\" id=\"wpv-column-05a0feb2dba9b777fd98a8b99b8f23ce\" >\n<div  data-href=\"https:\/\/snow-koala-834947.hostingersite.com\/previdenciario\" tabindex=\"1\" data-target=\"_self\" class=\"linkarea clearfix accent3  background-accent2\">\n\t\t\t<div class=\"first\"><span class='icon shortcode custom  use-hover' style='font-size:46px !important;color:#ffffff;'>&#59657;<\/span><\/div>\n\t\t\t\t<div class=\"last\"><h3 style=\"text-align: center;\"><span class=\"accent-5\">Social Security<\/span><\/h3>\n<p style=\"text-align: center;\"><span style=\"color: #dbdbdb;\">Specialized care for workers and the elderly insured by public or private social security.<\/span><br \/><\/div>\n\t<\/div><\/div>\n<div class=\"wpv-grid grid-1-4  unextended animation-fade-in animated-active\" style=\"padding-top:0px;padding-bottom:0px\" id=\"wpv-column-1f3e39296ff760d440156006a57f3041\" >\n<div  data-href=\"https:\/\/snow-koala-834947.hostingersite.com\/trabalhista\" tabindex=\"1\" data-target=\"_self\" class=\"linkarea clearfix accent3  background-accent2\">\n\t\t\t<div class=\"first\"><span class='icon shortcode custom  use-hover' style='font-size:46px !important;color:#ffffff;'>&#59671;<\/span><\/div>\n\t\t\t\t<div class=\"last\"><h3 style=\"text-align: center;\"><span class=\"accent-5\">Labor<\/span><\/h3>\n<p style=\"text-align: center;\"><span style=\"color: #dbdbdb;\">Extensive advice for both employees and employers in the most diverse sectors and working structures.<\/span><br \/><\/div>\n\t<\/div><\/div><\/div><\/div><\/div><\/div>","protected":false},"excerpt":{"rendered":"<p>O Escrit\u00f3rio Morais Valadares possui uma equipe multidisciplinar, altamente qualificada em suas\u00a0\u00e1reas de atua\u00e7\u00e3o, que busca os melhores resultados e solu\u00e7\u00f5es,\u00a0 desenvolvendo uma rela\u00e7\u00e3o de\u00a0fidelidade, confian\u00e7a e compromisso com nossos clientes. Atuando com transpar\u00eancia e \u00e9tica, nosso escrit\u00f3rio procura modernidade e perfei\u00e7\u00e3o t\u00e9cnica,\u00a0com foco na excel\u00eancia das solu\u00e7\u00f5es jur\u00eddica, aliada a estrat\u00e9gia e\u00a0 m\u00e1xima qualidade,&#8230;<\/p>","protected":false},"author":1,"featured_media":0,"parent":0,"menu_order":0,"comment_status":"closed","ping_status":"closed","template":"","meta":{"_joinchat":[],"footnotes":""},"class_list":["post-7778","page","type-page","status-publish","hentry"],"_links":{"self":[{"href":"https:\/\/moraisvaladares.com.br\/en\/wp-json\/wp\/v2\/pages\/7778","targetHints":{"allow":["GET"]}}],"collection":[{"href":"https:\/\/moraisvaladares.com.br\/en\/wp-json\/wp\/v2\/pages"}],"about":[{"href":"https:\/\/moraisvaladares.com.br\/en\/wp-json\/wp\/v2\/types\/page"}],"author":[{"embeddable":true,"href":"https:\/\/moraisvaladares.com.br\/en\/wp-json\/wp\/v2\/users\/1"}],"replies":[{"embeddable":true,"href":"https:\/\/moraisvaladares.com.br\/en\/wp-json\/wp\/v2\/comments?post=7778"}],"version-history":[{"count":20,"href":"https:\/\/moraisvaladares.com.br\/en\/wp-json\/wp\/v2\/pages\/7778\/revisions"}],"predecessor-version":[{"id":10665,"href":"https:\/\/moraisvaladares.com.br\/en\/wp-json\/wp\/v2\/pages\/7778\/revisions\/10665"}],"wp:attachment":[{"href":"https:\/\/moraisvaladares.com.br\/en\/wp-json\/wp\/v2\/media?parent=7778"}],"curies":[{"name":"wp","href":"https:\/\/api.w.org\/{rel}","templated":true}]}}