{"id":9838,"date":"2018-03-20T23:00:35","date_gmt":"2018-03-21T02:00:35","guid":{"rendered":"https:\/\/snow-koala-834947.hostingersite.com\/?page_id=9838"},"modified":"2025-09-16T17:03:08","modified_gmt":"2025-09-16T20:03:08","slug":"familia","status":"publish","type":"page","link":"https:\/\/moraisvaladares.com.br\/en\/familia\/","title":{"rendered":"Family"},"content":{"rendered":"<div class=\"row\"><div class=\"wpv-grid grid-1-1 add-border wpv-first-level first unextended\" style=\"padding-top:0px;padding-bottom:0px\" id=\"wpv-column-0abd3205350fc6ae71709e29b17d6960\" ><div class=\"row\"><div class=\"wpv-grid grid-1-1  first unextended\" style=\"padding-top:0px;padding-bottom:0px\" id=\"wpv-column-6b209477f9dd2d0b82112d68a9a8633a\" >\n<div  data-target=\"_self\" class=\"linkarea clearfix   background-transparent\">\n\t\t\t<div class=\"first\"><span class='icon shortcode custom  use-hover' style='font-size:62px !important;color:#CCA876;'>&#59667;<\/span><\/div>\n\t\t\t\t<div class=\"last\"><p style=\"text-align: left; font-size: 16px; line-height: 1.5;\"><span class='dropcap1'>A<\/span>\u00a0planejamento sucess\u00f3rio por meio de holding familiar, que estabelece a sucess\u00e3o\u00a0de cargos diretivos de forma mais suave, seja por motivo de falecimento ou mesmo por outras quest\u00f5es\u00a0gerenciais, sem impactar diretamente nos processos decis\u00f3rios da empresa, bem como diminui\u00e7\u00e3o de\u00a0despesas e encargos tribut\u00e1rios em invent\u00e1rios. Alguns servi\u00e7os:<\/p>\n<ul>\n<li style=\"text-align: justify;\">Consensual divorce;<\/li>\n<li style=\"text-align: justify;\">Contentious divorce;<\/li>\n<li style=\"text-align: justify;\">Paternity investigation;<\/li>\n<li style=\"text-align: justify;\">Alimony claims;<\/li>\n<li style=\"text-align: justify;\">Alimony review;<\/li>\n<li style=\"text-align: justify;\">Exoneration of maintenance;<\/li>\n<li style=\"text-align: justify;\">Guardianship (unilateral or shared);<\/li>\n<li style=\"text-align: justify;\">Visiting arrangements (parents and grandparents);<\/li>\n<li style=\"text-align: justify;\">Interdiction, guardianship or curatorship.<\/li>\n<\/ul>\n<p>Outro benef\u00edcio \u00e9 a prote\u00e7\u00e3o patrimonial que se tornou essencial nas atividades comerciais e empresariais para evitar reveses e riscos pr\u00f3prios de cada tipo de\u00a0neg\u00f3cio, que podem levar a d\u00edvidas e execu\u00e7\u00f5es que alcan\u00e7ar\u00e3o o patrim\u00f4nio familiar dos s\u00f3cios.<\/p>\n<p>Trabalhamos de forma preventiva, montando uma estrutura jur\u00eddica para a prote\u00e7\u00e3o patrimonial a\u00a0particulares e empres\u00e1rios, protegendo bens necess\u00e1rios \u00e0 manuten\u00e7\u00e3o dos s\u00f3cios e sua fam\u00edlia.<\/p>\n<p><!-- C\u00d3DIGO FINAL DO BOT\u00c3O COM ESTILO E LINK WHATSAPP --><\/p>\n<p style=\"text-align: center;\">\n<a href=\"https:\/\/api.whatsapp.com\/send?phone=5511937355620&#038;text=Ol%C3%A1!%20Visitei%20o%20site%20do%20escrit%C3%B3rio%20Morais%20Valadares%20na%20area%20de%20fam%C3%ADlia%20e%20gostaria%20de%20mais%20informa%C3%A7%C3%B5es%20sobre%20os%20servi%C3%A7os%20de%20voc%C3%AAs.\" target=\"_blank\" style=\"display: inline-flex; align-items: center; justify-content: center; padding: 15px 25px; font-size: 18px; font-weight: bold; color: #FFFFFF; background: linear-gradient(to right, #c5a675, #a48654 ); border-radius: 10px; text-decoration: none; border: none; cursor: pointer; font-family: sans-serif;\"><br \/>\n    <svg aria-hidden=\"true\" viewbox=\"0 0 448 512\" xmlns=\"http:\/\/www.w3.org\/2000\/svg\" style=\"height: 1.2em; width: 1.2em; margin-right: 10px; fill: currentColor;\"><path d=\"M380.9 97.1C339 55.1 283.2 32 223.9 32c-122.4 0-222 99.6-222 222 0 39.1 10.2 77.3 29.6 111L0 480l117.7-30.9c32.4 17.7 68.9 27 106.1 27h.1c122.3 0 224.1-99.6 224.1-222 0-59.3-25.2-115-67.1-157zm-157 341.6c-33.2 0-65.7-8.9-94-25.7l-6.7-4-69.8 18.3L72 359.2l-4.4-7c-18.5-29.4-28.2-63.3-28.2-98.2 0-101.7 82.8-184.5 184.6-184.5 49.3 0 95.6 19.2 130.4 54.1 34.8 34.9 56.2 81.2 56.1 130.5 0 101.8-84.9 184.6-186.6 184.6zm101.2-138.2c-5.5-2.8-32.8-16.2-37.9-18-5.1-1.9-8.8-2.8-12.5 2.8-3.7 5.6-14.3 18-17.6 21.8-3.2 3.7-6.5 4.2-12 1.4-32.6-16.3-54-29.1-75.5-66-5.7-9.8 5.7-9.1 16.3-30.3 1.8-3.7.9-6.9-.5-9.7-1.4-2.8-12.5-30.1-17.1-41.2-4.5-10.8-9.1-9.3-12.5-9.5-3.2-.2-6.9-.2-10.6-.2-3.7 0-9.7 1.4-14.8 6.9-5.1 5.6-19.4 19-19.4 46.3 0 27.3 19.9 53.7 22.6 57.4 2.8 3.7 39.1 59.7 94.8 83.8 35.2 15.2 49 16.5 66.6 13.9 10.7-1.6 32.8-13.4 37.4-26.4 4.6-13 4.6-24.1 3.2-26.4-1.3-2.5-5-3.9-10.5-6.6z\"><\/path><\/svg><br \/>\n    <span>Falar com um Advogado<\/span><br \/>\n<\/a><\/div>\n\t<\/div><\/div><\/div><\/div><\/div>\n<div class=\"row\"><div class=\"wpv-grid grid-1-1  wpv-first-level first unextended\" style=\"padding-top:0px;padding-bottom:0px\" id=\"wpv-column-c432d22734a7fd11dfd7ece93004b324\" ><p>&nbsp;<\/div><\/div>","protected":false},"excerpt":{"rendered":"<p>&nbsp;<\/p>","protected":false},"author":1,"featured_media":0,"parent":0,"menu_order":0,"comment_status":"closed","ping_status":"closed","template":"","meta":{"_joinchat":[],"footnotes":""},"class_list":["post-9838","page","type-page","status-publish","hentry"],"_links":{"self":[{"href":"https:\/\/moraisvaladares.com.br\/en\/wp-json\/wp\/v2\/pages\/9838","targetHints":{"allow":["GET"]}}],"collection":[{"href":"https:\/\/moraisvaladares.com.br\/en\/wp-json\/wp\/v2\/pages"}],"about":[{"href":"https:\/\/moraisvaladares.com.br\/en\/wp-json\/wp\/v2\/types\/page"}],"author":[{"embeddable":true,"href":"https:\/\/moraisvaladares.com.br\/en\/wp-json\/wp\/v2\/users\/1"}],"replies":[{"embeddable":true,"href":"https:\/\/moraisvaladares.com.br\/en\/wp-json\/wp\/v2\/comments?post=9838"}],"version-history":[{"count":4,"href":"https:\/\/moraisvaladares.com.br\/en\/wp-json\/wp\/v2\/pages\/9838\/revisions"}],"predecessor-version":[{"id":10775,"href":"https:\/\/moraisvaladares.com.br\/en\/wp-json\/wp\/v2\/pages\/9838\/revisions\/10775"}],"wp:attachment":[{"href":"https:\/\/moraisvaladares.com.br\/en\/wp-json\/wp\/v2\/media?parent=9838"}],"curies":[{"name":"wp","href":"https:\/\/api.w.org\/{rel}","templated":true}]}}